{"id":104,"date":"2021-04-20T11:12:42","date_gmt":"2021-04-20T11:12:42","guid":{"rendered":"https:\/\/www.centremedicsantpere.cat\/?page_id=104"},"modified":"2026-03-28T09:25:01","modified_gmt":"2026-03-28T09:25:01","slug":"home","status":"publish","type":"page","link":"https:\/\/www.centremedicsantpere.cat\/es\/","title":{"rendered":"Renovar carnet a Rub\u00ed"},"content":{"rendered":"<div class=\"wp-block-cover alignfull is-light hestia-clear-top-padding\" style=\"min-height:702px;aspect-ratio:unset;\"><span aria-hidden=\"true\" class=\"wp-block-cover__background has-accent-background-color has-background-dim-100 has-background-dim\"><\/span><div class=\"wp-block-cover__inner-container is-layout-flow wp-block-cover-is-layout-flow\">\n<h2 class=\"wp-block-heading has-text-align-center has-white-color has-text-color\" id=\"horari\">Horario<\/h2>\n\n\n\n<p class=\"has-text-align-center\"><strong>de atenci\u00f3n y reconocimientos m\u00e9dicos<\/strong><\/p>\n\n\n\n<p class=\"has-text-align-center\"><\/p>\n\n\n\n<div class=\"wp-block-columns container is-layout-flex wp-container-core-columns-is-layout-28f84493 wp-block-columns-is-layout-flex\">\n<div class=\"wp-block-column is-layout-flow wp-block-column-is-layout-flow\"><div class=\"wp-block-image is-style-default\">\n<figure class=\"aligncenter size-large is-resized\"><img decoding=\"async\" src=\"https:\/\/www.centremedicsantpere.cat\/wp-content\/uploads\/2021\/04\/time-1.png\" alt=\"\" class=\"wp-image-268\" style=\"width:117px;height:123px\"\/><\/figure>\n<\/div>\n\n\n<h2 class=\"wp-block-heading has-text-align-center\" id=\"tardes\">Tardes<\/h2>\n\n\n\n<p class=\"has-text-align-center\"><strong>Martes, jueves y viernes.<br>de 17.30h a 19.30h<\/strong><\/p>\n\n\n\n<div class=\"wp-block-group\"><div class=\"wp-block-group__inner-container is-layout-constrained wp-block-group-is-layout-constrained\">\n<p class=\"has-text-align-center\"><br><\/p>\n\n\n\n<p class=\"has-text-align-center\"><\/p>\n\n\n\n<p class=\"has-text-align-center\">VACANCES DE SETMANA SANTA<\/p>\n\n\n\n<p class=\"has-text-align-center\">del 31 de mar\u00e7 al 6 d&#8217;abril<\/p>\n\n\n\n<p><\/p>\n<\/div><\/div>\n<\/div>\n<\/div>\n<\/div><\/div>\n\n\n\n<div class=\"wp-block-cover alignfull is-light hestia-clear-top-padding\" style=\"min-height:556px;aspect-ratio:unset;\"><span aria-hidden=\"true\" class=\"wp-block-cover__background has-background-dim-100 has-background-dim\" style=\"background-color:#f8f9fa\"><\/span><div class=\"wp-block-cover__inner-container is-layout-flow wp-block-cover-is-layout-flow\">\n<p><\/p>\n\n\n\n<h2 class=\"wp-block-heading has-text-align-center has-text-color\" id=\"que-cal-portar\" style=\"color:#3c4858\">\u00bfQu\u00e9 es necesario llevar?<\/h2>\n\n\n\n<div style=\"height:40px\" aria-hidden=\"true\" class=\"wp-block-spacer\"><\/div>\n\n\n\n<div class=\"wp-block-columns container is-layout-flex wp-container-core-columns-is-layout-28f84493 wp-block-columns-is-layout-flex\">\n<div class=\"wp-block-column is-layout-flow wp-block-column-is-layout-flow\"><div class=\"wp-block-image is-style-default\">\n<figure class=\"aligncenter size-large is-resized\"><img loading=\"lazy\" decoding=\"async\" width=\"250\" height=\"278\" src=\"https:\/\/www.centremedicsantpere.cat\/wp-content\/uploads\/2021\/04\/passport.png\" alt=\"\" class=\"wp-image-200\" style=\"width:105px;height:136px\"\/><\/figure>\n<\/div>\n\n\n<h5 class=\"wp-block-heading has-text-align-center has-text-color\" id=\"dni-passaport-o-nie\" style=\"color:#3c4858;font-size:18px\">DNI, Pasaporte o NIE<\/h5>\n<\/div>\n\n\n\n<div class=\"wp-block-column is-layout-flow wp-block-column-is-layout-flow\"><div class=\"wp-block-image\">\n<figure class=\"aligncenter size-large is-resized\"><img loading=\"lazy\" decoding=\"async\" width=\"308\" height=\"246\" src=\"https:\/\/www.centremedicsantpere.cat\/wp-content\/uploads\/2021\/04\/DNI.png\" alt=\"\" class=\"wp-image-202\" style=\"width:150px;height:undefinedpx\" srcset=\"https:\/\/www.centremedicsantpere.cat\/wp-content\/uploads\/2021\/04\/DNI.png 308w, https:\/\/www.centremedicsantpere.cat\/wp-content\/uploads\/2021\/04\/DNI-300x240.png 300w\" sizes=\"auto, (max-width: 308px) 100vw, 308px\" \/><\/figure>\n<\/div>\n\n\n<h5 class=\"wp-block-heading has-text-align-center has-text-color\" id=\"carnet-de-conduir-antic-si-volem-renovar\" style=\"color:#3c4858;font-size:18px\">Carnet de conducir antiguo, si queremos renovar<\/h5>\n<\/div>\n\n\n\n<div class=\"wp-block-column is-layout-flow wp-block-column-is-layout-flow\"><div class=\"wp-block-image\">\n<figure class=\"aligncenter size-large is-resized\"><img decoding=\"async\" src=\"https:\/\/www.centremedicsantpere.cat\/wp-content\/uploads\/2021\/04\/ulleres.png\" alt=\"\" class=\"wp-image-201\" style=\"width:150px;height:161px\"\/><\/figure>\n<\/div>\n\n\n<h5 class=\"wp-block-heading has-text-align-center has-text-color\" id=\"ulleres-lents-de-contacte-audiofons\" style=\"color:#3c4858;font-size:18px\">Gafas, lentes de contacto, aud\u00edfonos... <\/h5>\n<\/div>\n<\/div>\n\n\n\n<p><\/p>\n<\/div><\/div>\n\n\n\n<p><\/p>\n\n\n\n<h2 class=\"has-text-align-center has-text-color wp-block-heading\">Certificados m\u00e9dicos que podr\u00e1 obtener<\/h2>\n\n\n\n<div class=\"wp-block-columns container is-layout-flex wp-container-core-columns-is-layout-28f84493 wp-block-columns-is-layout-flex\">\n<div class=\"wp-block-column is-layout-flow wp-block-column-is-layout-flow\">\n<h4 class=\"wp-block-heading\" id=\"conduccio-b-c-a-renovacio-i-obtencio\">\u00b7 Conducci\u00f3n A, B, C, D  (renovaci\u00f3n y obtenci\u00f3n)<\/h4>\n\n\n\n<h4 class=\"wp-block-heading\" id=\"gossos-perillosos\">\u00b7 Perros peligrosos<\/h4>\n\n\n\n<h4 class=\"wp-block-heading\" id=\"grues\">\u00b7 Gruas<\/h4>\n<\/div>\n\n\n\n<div class=\"wp-block-column is-layout-flow wp-block-column-is-layout-flow\">\n<h4 class=\"wp-block-heading\" id=\"armes\">\u00b7 Armas<\/h4>\n\n\n\n<h4 class=\"wp-block-heading\" id=\"seguretat-privada\">\u00b7 Seguridad Privada<\/h4>\n\n\n\n<h4 class=\"wp-block-heading\" id=\"oposicions\">\u00b7 Oposiciones<\/h4>\n<\/div>\n\n\n\n<div class=\"wp-block-column is-layout-flow wp-block-column-is-layout-flow\">\n<h4 class=\"wp-block-heading\" id=\"embarcacions\">\u00b7 Embarcaciones<\/h4>\n\n\n\n<h4 class=\"wp-block-heading\" id=\"submarinisme\">\u00b7 Submarinismo<\/h4>\n\n\n\n<h4 class=\"wp-block-heading\" id=\"laborals\">\u00b7 Laborales<\/h4>\n<\/div>\n<\/div>","protected":false},"excerpt":{"rendered":"<p>\u00b7 Conducci\u00f3 A, B, C, D (renovaci\u00f3 i obtenci\u00f3) \u00b7 Gossos perillosos \u00b7 Grues \u00b7 Armes \u00b7 Seguretat Privada \u00b7 Oposicions \u00b7 Embarcacions \u00b7 Submarinisme \u00b7 Laborals<\/p>","protected":false},"author":1,"featured_media":61,"parent":0,"menu_order":0,"comment_status":"closed","ping_status":"closed","template":"","meta":{"footnotes":""},"class_list":["post-104","page","type-page","status-publish","has-post-thumbnail","hentry"],"aioseo_notices":[],"_links":{"self":[{"href":"https:\/\/www.centremedicsantpere.cat\/es\/wp-json\/wp\/v2\/pages\/104","targetHints":{"allow":["GET"]}}],"collection":[{"href":"https:\/\/www.centremedicsantpere.cat\/es\/wp-json\/wp\/v2\/pages"}],"about":[{"href":"https:\/\/www.centremedicsantpere.cat\/es\/wp-json\/wp\/v2\/types\/page"}],"author":[{"embeddable":true,"href":"https:\/\/www.centremedicsantpere.cat\/es\/wp-json\/wp\/v2\/users\/1"}],"replies":[{"embeddable":true,"href":"https:\/\/www.centremedicsantpere.cat\/es\/wp-json\/wp\/v2\/comments?post=104"}],"version-history":[{"count":83,"href":"https:\/\/www.centremedicsantpere.cat\/es\/wp-json\/wp\/v2\/pages\/104\/revisions"}],"predecessor-version":[{"id":506,"href":"https:\/\/www.centremedicsantpere.cat\/es\/wp-json\/wp\/v2\/pages\/104\/revisions\/506"}],"wp:featuredmedia":[{"embeddable":true,"href":"https:\/\/www.centremedicsantpere.cat\/es\/wp-json\/wp\/v2\/media\/61"}],"wp:attachment":[{"href":"https:\/\/www.centremedicsantpere.cat\/es\/wp-json\/wp\/v2\/media?parent=104"}],"curies":[{"name":"wp","href":"https:\/\/api.w.org\/{rel}","templated":true}]}}